{"id":105927,"date":"2024-07-20T08:17:08","date_gmt":"2024-07-20T08:17:08","guid":{"rendered":"https:\/\/alex-bau.at\/impresum\/"},"modified":"2025-07-20T12:09:58","modified_gmt":"2025-07-20T12:09:58","slug":"impresum","status":"publish","type":"page","link":"https:\/\/alex-bau.at\/sr\/impresum\/","title":{"rendered":"Impresum"},"content":{"rendered":"<p>[et_pb_section fb_built=&#8220;1&#8243; _builder_version=&#8220;4.27.0&#8243; _module_preset=&#8220;default&#8220; custom_padding=&#8220;1px|||||&#8220; global_colors_info=&#8220;{}&#8220;][et_pb_row _builder_version=&#8220;4.27.0&#8243; _module_preset=&#8220;default&#8220; global_colors_info=&#8220;{}&#8220;][et_pb_column type=&#8220;4_4&#8243; _builder_version=&#8220;4.27.0&#8243; _module_preset=&#8220;default&#8220; global_colors_info=&#8220;{}&#8220;][et_pb_heading title=&#8220;Impresum&#8220; _builder_version=&#8220;4.27.0&#8243; _module_preset=&#8220;default&#8220; title_font=&#8220;Times New Roman|700|||||||&#8220; title_text_align=&#8220;center&#8220; title_text_color=&#8220;#000000&#8243; title_font_size=&#8220;50px&#8220; title_font_size_tablet=&#8220;50px&#8220; title_font_size_phone=&#8220;38px&#8220; title_font_size_last_edited=&#8220;on|phone&#8220; global_colors_info=&#8220;{}&#8220;][\/et_pb_heading][et_pb_divider color=&#8220;#E02B20&#8243; divider_weight=&#8220;3px&#8220; _builder_version=&#8220;4.27.0&#8243; _module_preset=&#8220;default&#8220; width=&#8220;45%&#8220; width_tablet=&#8220;45%&#8220; width_phone=&#8220;85%&#8220; width_last_edited=&#8220;on|phone&#8220; module_alignment=&#8220;center&#8220; custom_margin=&#8220;-35px||||false|false&#8220; global_colors_info=&#8220;{}&#8220;][\/et_pb_divider][et_pb_text _builder_version=&#8220;4.27.0&#8243; _module_preset=&#8220;default&#8220; text_font=&#8220;Times New Roman||||||||&#8220; text_text_color=&#8220;#000000&#8243; text_font_size=&#8220;16px&#8220; hover_enabled=&#8220;0&#8243; global_colors_info=&#8220;{}&#8220; sticky_enabled=&#8220;0&#8243;]<\/p>\n<p><strong>Alex Bau und Sicherheitsconsulting E.U.<\/strong><\/p>\n<p>Breitenseerstra\u00dfe 6<br \/>1140 Be\u010d<br \/>Austrija<\/p>\n<hr>\n<p><strong>Dipl.-Ing. Mag. Aleksandar Sa\u0161a Stankovi\u0107 MSc<\/strong><br \/>Upravni partner<br \/>Osniva\u010d<\/p>\n<hr>\n<p><strong><a rel=\"noreferrer\">office@alex-bau.at<\/a><\/strong><br \/> <strong><a rel=\"noreferrer noopener\" target=\"_new\" href=\"http:\/\/www.alex-bau.at\">www.alex-bau.at<\/a><\/strong><\/p>\n<hr>\n<p><strong>FN 632110\u0437<\/strong><br \/><strong>Trgova\u010dki sud Be\u010d<\/strong><\/p>\n<p><strong>Jedinstveni identifikator ATU80864245<\/strong><\/p>\n<hr>\n<p><strong>Odricanje odgovornosti<\/strong><\/p>\n<p>Ovo odricanje odgovornosti treba smatrati delom internet ponude iz koje je napravljena referenca na ovu veb stranicu. Ukoliko delovi ili pojedina\u010dne formulacije ovog teksta ne odgovaraju, vi\u0161e ne odgovaraju ili ne odgovaraju u potpunosti va\u017ee\u0107oj pravnoj situaciji, sadr\u017eaj i va\u017enost preostalih delova dokumenta ostaju nepromenjeni.<\/p>\n<hr>\n<p><strong>Odgovornost za sadr\u017eaj ove veb stranice<\/strong><\/p>\n<p>Ne preuzimamo nikakvu odgovornost za aktuelnost, ta\u010dnost i potpunost informacija koje se nalaze na na\u0161oj veb stranici. Potra\u017eivanja za naknadu \u0161tete u vezi sa materijalnom ili nematerijalnom \u0161tetom nastalom kori\u0161\u0107enjem ili nekori\u0161\u0107enjem dostavljenih informacija ili kori\u0161\u0107enjem neta\u010dnih ili nepotpunih informacija su u principu isklju\u010dena, osim ako ne postoje dokazi o namernoj ili grubo nemarnoj krivici sa na\u0161e strane. Sve ponude su podlo\u017ene promenama i nisu obavezuju\u0107e. Izri\u010dito zadr\u017eavamo pravo da menjamo, dopunjavamo ili bri\u0161emo delove stranica ili celu ponudu bez prethodne najave, ili da privremeno ili trajno prekinemo objavljivanje.<\/p>\n<hr>\n<p><strong>Odgovornost za linkove ka veb-sajtovima tre\u0107ih strana<\/strong><\/p>\n<p>Svi linkovi su sastavljeni sa najve\u0107om pa\u017enjom. Me\u0111utim, ne preuzimamo nikakvu odgovornost, ni za ta\u010dnost niti za njihov sadr\u017eaj ili odsustvo agresivnog i\/ili \u0161tetnog sadr\u017eaja, kao \u0161to su virusi, trojanci, crvi itd. Posebno ne preuzimamo nikakvu odgovornost za sadr\u017eaj eksternih veb stranica na koje se upu\u0107uje putem hiperlinkova; za to je isklju\u010divo odgovoran odgovaraju\u0107i provajder. Linkovi ka na\u0161em veb-sajtu su dobrodo\u0161li ako su dizajnirani kao eksterni linkovi (poseban prozor pregleda\u010da). Nije dozvoljeno ugra\u0111ivanje glavnog prozora u okvir postavlja\u010da linkova. Ako veb-sajt na koji smo postavili link sadr\u017ei ilegalan sadr\u017eaj, molimo vas da nas obavestite i link \u0107e biti odmah uklonjen.<\/p>\n<hr>\n<p><strong>Autorska prava<\/strong><\/p>\n<p>Uvek se trudimo da po\u0161tujemo autorska prava drugih i da koristimo sopstvena i dela bez licence. Sadr\u017eaj i dela kreirana na ovoj veb stranici podle\u017eu autorskim pravima. Doprinosi tre\u0107ih strana su ozna\u010deni kao takvi. Reprodukcija, obrada, distribucija i svaka vrsta iskori\u0161\u0107avanja van granica zakona o autorskim pravima zahtevaju pismenu saglasnost odgovaraju\u0107eg autora ili stvaraoca.<\/p>\n<p>[\/et_pb_text][\/et_pb_column][\/et_pb_row][\/et_pb_section]<\/p>\n","protected":false},"excerpt":{"rendered":"<p>Alex Bau und Sicherheitsconsulting E.U. Breitenseerstra\u00dfe 61140 Be\u010dAustrija Dipl.-Ing. Mag. Aleksandar Sa\u0161a Stankovi\u0107 MScUpravni partnerOsniva\u010d office@alex-bau.at www.alex-bau.at FN 632110\u0437Trgova\u010dki sud Be\u010d Jedinstveni identifikator ATU80864245 Odricanje odgovornosti Ovo odricanje odgovornosti treba smatrati delom internet ponude iz koje je napravljena referenca na ovu veb stranicu. Ukoliko delovi ili pojedina\u010dne formulacije ovog teksta ne odgovaraju, vi\u0161e ne odgovaraju [&hellip;]<\/p>\n","protected":false},"author":1,"featured_media":0,"parent":0,"menu_order":0,"comment_status":"closed","ping_status":"open","template":"","meta":{"_et_pb_use_builder":"on","_et_pb_old_content":"","_et_gb_content_width":"","footnotes":""},"class_list":["post-105927","page","type-page","status-publish","hentry"],"jetpack_sharing_enabled":true,"_links":{"self":[{"href":"https:\/\/alex-bau.at\/sr\/wp-json\/wp\/v2\/pages\/105927","targetHints":{"allow":["GET"]}}],"collection":[{"href":"https:\/\/alex-bau.at\/sr\/wp-json\/wp\/v2\/pages"}],"about":[{"href":"https:\/\/alex-bau.at\/sr\/wp-json\/wp\/v2\/types\/page"}],"author":[{"embeddable":true,"href":"https:\/\/alex-bau.at\/sr\/wp-json\/wp\/v2\/users\/1"}],"replies":[{"embeddable":true,"href":"https:\/\/alex-bau.at\/sr\/wp-json\/wp\/v2\/comments?post=105927"}],"version-history":[{"count":10,"href":"https:\/\/alex-bau.at\/sr\/wp-json\/wp\/v2\/pages\/105927\/revisions"}],"predecessor-version":[{"id":112326,"href":"https:\/\/alex-bau.at\/sr\/wp-json\/wp\/v2\/pages\/105927\/revisions\/112326"}],"wp:attachment":[{"href":"https:\/\/alex-bau.at\/sr\/wp-json\/wp\/v2\/media?parent=105927"}],"curies":[{"name":"wp","href":"https:\/\/api.w.org\/{rel}","templated":true}]}}